{"id":76578,"date":"2024-06-18T16:44:04","date_gmt":"2024-06-18T14:44:04","guid":{"rendered":"https:\/\/www.marcolin.com\/groupe\/informative-privacy-specifiche\/"},"modified":"2024-06-21T15:31:47","modified_gmt":"2024-06-21T13:31:47","slug":"politiques-de-confidentialite-specifiques","status":"publish","type":"page","link":"https:\/\/www.marcolin.com\/fr\/groupe\/politiques-de-confidentialite-specifiques\/","title":{"rendered":"Informative privacy specifiche"},"content":{"rendered":"","protected":false},"excerpt":{"rendered":"","protected":false},"author":216,"featured_media":0,"parent":1726,"menu_order":0,"comment_status":"closed","ping_status":"closed","template":"templates\/00-template-wall.php","meta":{"_acf_changed":false,"footnotes":""},"class_list":["post-76578","page","type-page","status-publish","hentry"],"acf":[],"yoast_head":"<!-- This site is optimized with the Yoast SEO plugin v26.1.1 - https:\/\/yoast.com\/wordpress\/plugins\/seo\/ -->\n<title>Politiques de confidentialit\u00e9 sp\u00e9cifiques - Marcolin<\/title>\n<meta name=\"description\" content=\"Consultez la page pour d\u00e9couvrir les politiques de confidentialit\u00e9 sp\u00e9cifiques.\" \/>\n<meta name=\"robots\" content=\"index, follow, max-snippet:-1, max-image-preview:large, max-video-preview:-1\" \/>\n<link rel=\"canonical\" href=\"https:\/\/www.marcolin.com\/fr\/groupe\/politiques-de-confidentialite-specifiques\/\" \/>\n<meta property=\"og:locale\" content=\"fr_FR\" \/>\n<meta property=\"og:type\" content=\"article\" \/>\n<meta property=\"og:title\" content=\"Politiques de confidentialit\u00e9 sp\u00e9cifiques - Marcolin\" \/>\n<meta property=\"og:description\" content=\"Consultez la page pour d\u00e9couvrir les politiques de confidentialit\u00e9 sp\u00e9cifiques.\" \/>\n<meta property=\"og:url\" content=\"https:\/\/www.marcolin.com\/fr\/groupe\/politiques-de-confidentialite-specifiques\/\" \/>\n<meta property=\"og:site_name\" content=\"https:\/\/www.marcolin.com\/\" \/>\n<meta property=\"article:publisher\" content=\"http:\/\/www.facebook.com\/marcolinspa\" \/>\n<meta property=\"article:modified_time\" content=\"2024-06-21T13:31:47+00:00\" \/>\n<meta name=\"twitter:card\" content=\"summary_large_image\" \/>\n<meta name=\"twitter:site\" content=\"@marcolineyewear\" \/>\n<script type=\"application\/ld+json\" class=\"yoast-schema-graph\">{\"@context\":\"https:\/\/schema.org\",\"@graph\":[{\"@type\":\"WebPage\",\"@id\":\"https:\/\/www.marcolin.com\/fr\/groupe\/politiques-de-confidentialite-specifiques\/\",\"url\":\"https:\/\/www.marcolin.com\/fr\/groupe\/politiques-de-confidentialite-specifiques\/\",\"name\":\"Politiques de confidentialit\u00e9 sp\u00e9cifiques - Marcolin\",\"isPartOf\":{\"@id\":\"https:\/\/www.marcolin.com\/fr\/#website\"},\"datePublished\":\"2024-06-18T14:44:04+00:00\",\"dateModified\":\"2024-06-21T13:31:47+00:00\",\"description\":\"Consultez la page pour d\u00e9couvrir les politiques de confidentialit\u00e9 sp\u00e9cifiques.\",\"breadcrumb\":{\"@id\":\"https:\/\/www.marcolin.com\/fr\/groupe\/politiques-de-confidentialite-specifiques\/#breadcrumb\"},\"inLanguage\":\"fr-FR\",\"potentialAction\":[{\"@type\":\"ReadAction\",\"target\":[\"https:\/\/www.marcolin.com\/fr\/groupe\/politiques-de-confidentialite-specifiques\/\"]}]},{\"@type\":\"BreadcrumbList\",\"@id\":\"https:\/\/www.marcolin.com\/fr\/groupe\/politiques-de-confidentialite-specifiques\/#breadcrumb\",\"itemListElement\":[{\"@type\":\"ListItem\",\"position\":1,\"name\":\"Home\",\"item\":\"https:\/\/www.marcolin.com\/fr\/\"},{\"@type\":\"ListItem\",\"position\":2,\"name\":\"Gruppo\",\"item\":\"https:\/\/www.marcolin.com\/fr\/groupe\/\"},{\"@type\":\"ListItem\",\"position\":3,\"name\":\"Informative privacy specifiche\"}]},{\"@type\":\"WebSite\",\"@id\":\"https:\/\/www.marcolin.com\/fr\/#website\",\"url\":\"https:\/\/www.marcolin.com\/fr\/\",\"name\":\"https:\/\/www.marcolin.com\/\",\"description\":\"Just another WordPress site\",\"publisher\":{\"@id\":\"https:\/\/www.marcolin.com\/fr\/#organization\"},\"potentialAction\":[{\"@type\":\"SearchAction\",\"target\":{\"@type\":\"EntryPoint\",\"urlTemplate\":\"https:\/\/www.marcolin.com\/fr\/?s={search_term_string}\"},\"query-input\":{\"@type\":\"PropertyValueSpecification\",\"valueRequired\":true,\"valueName\":\"search_term_string\"}}],\"inLanguage\":\"fr-FR\"},{\"@type\":\"Organization\",\"@id\":\"https:\/\/www.marcolin.com\/fr\/#organization\",\"name\":\"https:\/\/www.marcolin.com\/\",\"url\":\"https:\/\/www.marcolin.com\/fr\/\",\"logo\":{\"@type\":\"ImageObject\",\"inLanguage\":\"fr-FR\",\"@id\":\"https:\/\/www.marcolin.com\/fr\/#\/schema\/logo\/image\/\",\"url\":\"https:\/\/www.marcolin.com\/wp-content\/uploads\/2022\/10\/Logo.jpg\",\"contentUrl\":\"https:\/\/www.marcolin.com\/wp-content\/uploads\/2022\/10\/Logo.jpg\",\"width\":1360,\"height\":140,\"caption\":\"https:\/\/www.marcolin.com\/\"},\"image\":{\"@id\":\"https:\/\/www.marcolin.com\/fr\/#\/schema\/logo\/image\/\"},\"sameAs\":[\"http:\/\/www.facebook.com\/marcolinspa\",\"https:\/\/x.com\/marcolineyewear\",\"http:\/\/www.linkedin.com\/company\/marcolin\",\"http:\/\/instagram.com\/marcolin_eyewear\"]}]}<\/script>\n<!-- \/ Yoast SEO plugin. -->","yoast_head_json":{"title":"Politiques de confidentialit\u00e9 sp\u00e9cifiques - Marcolin","description":"Consultez la page pour d\u00e9couvrir les politiques de confidentialit\u00e9 sp\u00e9cifiques.","robots":{"index":"index","follow":"follow","max-snippet":"max-snippet:-1","max-image-preview":"max-image-preview:large","max-video-preview":"max-video-preview:-1"},"canonical":"https:\/\/www.marcolin.com\/fr\/groupe\/politiques-de-confidentialite-specifiques\/","og_locale":"fr_FR","og_type":"article","og_title":"Politiques de confidentialit\u00e9 sp\u00e9cifiques - Marcolin","og_description":"Consultez la page pour d\u00e9couvrir les politiques de confidentialit\u00e9 sp\u00e9cifiques.","og_url":"https:\/\/www.marcolin.com\/fr\/groupe\/politiques-de-confidentialite-specifiques\/","og_site_name":"https:\/\/www.marcolin.com\/","article_publisher":"http:\/\/www.facebook.com\/marcolinspa","article_modified_time":"2024-06-21T13:31:47+00:00","twitter_card":"summary_large_image","twitter_site":"@marcolineyewear","schema":{"@context":"https:\/\/schema.org","@graph":[{"@type":"WebPage","@id":"https:\/\/www.marcolin.com\/fr\/groupe\/politiques-de-confidentialite-specifiques\/","url":"https:\/\/www.marcolin.com\/fr\/groupe\/politiques-de-confidentialite-specifiques\/","name":"Politiques de confidentialit\u00e9 sp\u00e9cifiques - Marcolin","isPartOf":{"@id":"https:\/\/www.marcolin.com\/fr\/#website"},"datePublished":"2024-06-18T14:44:04+00:00","dateModified":"2024-06-21T13:31:47+00:00","description":"Consultez la page pour d\u00e9couvrir les politiques de confidentialit\u00e9 sp\u00e9cifiques.","breadcrumb":{"@id":"https:\/\/www.marcolin.com\/fr\/groupe\/politiques-de-confidentialite-specifiques\/#breadcrumb"},"inLanguage":"fr-FR","potentialAction":[{"@type":"ReadAction","target":["https:\/\/www.marcolin.com\/fr\/groupe\/politiques-de-confidentialite-specifiques\/"]}]},{"@type":"BreadcrumbList","@id":"https:\/\/www.marcolin.com\/fr\/groupe\/politiques-de-confidentialite-specifiques\/#breadcrumb","itemListElement":[{"@type":"ListItem","position":1,"name":"Home","item":"https:\/\/www.marcolin.com\/fr\/"},{"@type":"ListItem","position":2,"name":"Gruppo","item":"https:\/\/www.marcolin.com\/fr\/groupe\/"},{"@type":"ListItem","position":3,"name":"Informative privacy specifiche"}]},{"@type":"WebSite","@id":"https:\/\/www.marcolin.com\/fr\/#website","url":"https:\/\/www.marcolin.com\/fr\/","name":"https:\/\/www.marcolin.com\/","description":"Just another WordPress site","publisher":{"@id":"https:\/\/www.marcolin.com\/fr\/#organization"},"potentialAction":[{"@type":"SearchAction","target":{"@type":"EntryPoint","urlTemplate":"https:\/\/www.marcolin.com\/fr\/?s={search_term_string}"},"query-input":{"@type":"PropertyValueSpecification","valueRequired":true,"valueName":"search_term_string"}}],"inLanguage":"fr-FR"},{"@type":"Organization","@id":"https:\/\/www.marcolin.com\/fr\/#organization","name":"https:\/\/www.marcolin.com\/","url":"https:\/\/www.marcolin.com\/fr\/","logo":{"@type":"ImageObject","inLanguage":"fr-FR","@id":"https:\/\/www.marcolin.com\/fr\/#\/schema\/logo\/image\/","url":"https:\/\/www.marcolin.com\/wp-content\/uploads\/2022\/10\/Logo.jpg","contentUrl":"https:\/\/www.marcolin.com\/wp-content\/uploads\/2022\/10\/Logo.jpg","width":1360,"height":140,"caption":"https:\/\/www.marcolin.com\/"},"image":{"@id":"https:\/\/www.marcolin.com\/fr\/#\/schema\/logo\/image\/"},"sameAs":["http:\/\/www.facebook.com\/marcolinspa","https:\/\/x.com\/marcolineyewear","http:\/\/www.linkedin.com\/company\/marcolin","http:\/\/instagram.com\/marcolin_eyewear"]}]}},"_links":{"self":[{"href":"https:\/\/www.marcolin.com\/fr\/wp-json\/wp\/v2\/pages\/76578","targetHints":{"allow":["GET"]}}],"collection":[{"href":"https:\/\/www.marcolin.com\/fr\/wp-json\/wp\/v2\/pages"}],"about":[{"href":"https:\/\/www.marcolin.com\/fr\/wp-json\/wp\/v2\/types\/page"}],"author":[{"embeddable":true,"href":"https:\/\/www.marcolin.com\/fr\/wp-json\/wp\/v2\/users\/216"}],"replies":[{"embeddable":true,"href":"https:\/\/www.marcolin.com\/fr\/wp-json\/wp\/v2\/comments?post=76578"}],"version-history":[{"count":1,"href":"https:\/\/www.marcolin.com\/fr\/wp-json\/wp\/v2\/pages\/76578\/revisions"}],"predecessor-version":[{"id":76629,"href":"https:\/\/www.marcolin.com\/fr\/wp-json\/wp\/v2\/pages\/76578\/revisions\/76629"}],"up":[{"embeddable":true,"href":"https:\/\/www.marcolin.com\/fr\/wp-json\/wp\/v2\/pages\/1726"}],"wp:attachment":[{"href":"https:\/\/www.marcolin.com\/fr\/wp-json\/wp\/v2\/media?parent=76578"}],"curies":[{"name":"wp","href":"https:\/\/api.w.org\/{rel}","templated":true}]}}